{"id":2638,"date":"2023-11-26T05:34:30","date_gmt":"2023-11-26T04:34:30","guid":{"rendered":"https:\/\/indalnautic.wownautic.com\/?page_id=2638"},"modified":"2025-01-04T20:29:42","modified_gmt":"2025-01-04T19:29:42","slug":"mentions-legales","status":"publish","type":"page","link":"https:\/\/indalnautic.wownautic.com\/en\/mentions-legales\/","title":{"rendered":"Mentions l\u00e9gales"},"content":{"rendered":"<p>Responsable \u00e9ditorial:<strong><br \/><\/strong>[Pr\u00e9nom et nom du responsable et son email]<\/p>\n<p>Contact:<br \/>[lien vers votre page contact]<\/p>\n<p>Coordonn\u00e9e de l&#8217;entreprise:<br \/>[Coordonn\u00e9e de votre entreprise]<\/p>\n<p><span style=\"color: #ff0000;\">[Ne rien modifier en dessous de cette ligne]<\/span><\/p>\n<p><strong>H\u00e9bergement du site:<br \/><\/strong>Hetzner Online GmbH<br \/>Industriestr. 25<br \/>91710 Gunzenhausen<br \/>Germany<\/p>\n<p>Tel.: +49 (0)9831 505-0<br \/>Fax: +49 (0)9831 505-3<\/p>\n<p><strong>Maintenance et conception:<br \/><\/strong><a href=\"https:\/\/wptotem.com\">wptotem.com<\/a><br \/><span style=\"font-weight: 400;\">Ludovic FERNEZ<br \/><\/span><span style=\"font-weight: 400;\">N\u00b0 d&#8217;entreprise Y8270736L<\/span><span style=\"font-weight: 400;\"><br \/><\/span><span style=\"font-weight: 400;\">Ctra de Cartama 30LO<br \/><\/span><span style=\"font-weight: 400;\">29120 Alhaurin El Grande<br \/><\/span><span style=\"font-weight: 400;\">Provincia de M\u00e1laga &#8211; Espa\u00f1a<\/span><\/p>\n<p><span style=\"font-weight: 400;\">Tel FR: +33 6 15 95 90 23<br \/>Tel ES: +34 6 33 25 70 26<\/span><\/p>\n\n\n<p><\/p>","protected":false},"excerpt":{"rendered":"<p>Responsable \u00e9ditorial:[Pr\u00e9nom et nom du responsable et son email] Contact:[lien vers votre page contact] Coordonn\u00e9e de l&#8217;entreprise:[Coordonn\u00e9e de votre entreprise] [Ne rien modifier en dessous de cette ligne] H\u00e9bergement du site:Hetzner Online GmbHIndustriestr. 2591710 GunzenhausenGermany Tel.: +49 (0)9831 505-0Fax: +49 (0)9831 505-3 Maintenance et conception:wptotem.comLudovic FERNEZN\u00b0 d&#8217;entreprise Y8270736LCtra de Cartama 30LO29120 Alhaurin El GrandeProvincia de [&hellip;]<\/p>","protected":false},"author":1,"featured_media":0,"parent":0,"menu_order":0,"comment_status":"closed","ping_status":"closed","template":"","meta":{"_acf_changed":false,"site-sidebar-layout":"default","site-content-layout":"","ast-site-content-layout":"default","site-content-style":"default","site-sidebar-style":"default","ast-global-header-display":"","ast-banner-title-visibility":"","ast-main-header-display":"","ast-hfb-above-header-display":"","ast-hfb-below-header-display":"","ast-hfb-mobile-header-display":"","site-post-title":"","ast-breadcrumbs-content":"","ast-featured-img":"","footer-sml-layout":"","theme-transparent-header-meta":"","adv-header-id-meta":"","stick-header-meta":"","header-above-stick-meta":"","header-main-stick-meta":"","header-below-stick-meta":"","astra-migrate-meta-layouts":"set","ast-page-background-enabled":"default","ast-page-background-meta":{"desktop":{"background-color":"","background-image":"","background-repeat":"repeat","background-position":"center center","background-size":"auto","background-attachment":"scroll","background-type":"","background-media":"","overlay-type":"","overlay-color":"","overlay-opacity":"","overlay-gradient":""},"tablet":{"background-color":"","background-image":"","background-repeat":"repeat","background-position":"center center","background-size":"auto","background-attachment":"scroll","background-type":"","background-media":"","overlay-type":"","overlay-color":"","overlay-opacity":"","overlay-gradient":""},"mobile":{"background-color":"","background-image":"","background-repeat":"repeat","background-position":"center center","background-size":"auto","background-attachment":"scroll","background-type":"","background-media":"","overlay-type":"","overlay-color":"","overlay-opacity":"","overlay-gradient":""}},"ast-content-background-meta":{"desktop":{"background-color":"var(--ast-global-color-5)","background-image":"","background-repeat":"repeat","background-position":"center center","background-size":"auto","background-attachment":"scroll","background-type":"","background-media":"","overlay-type":"","overlay-color":"","overlay-opacity":"","overlay-gradient":""},"tablet":{"background-color":"var(--ast-global-color-5)","background-image":"","background-repeat":"repeat","background-position":"center center","background-size":"auto","background-attachment":"scroll","background-type":"","background-media":"","overlay-type":"","overlay-color":"","overlay-opacity":"","overlay-gradient":""},"mobile":{"background-color":"var(--ast-global-color-5)","background-image":"","background-repeat":"repeat","background-position":"center center","background-size":"auto","background-attachment":"scroll","background-type":"","background-media":"","overlay-type":"","overlay-color":"","overlay-opacity":"","overlay-gradient":""}},"footnotes":""},"class_list":["post-2638","page","type-page","status-publish","hentry"],"acf":[],"_links":{"self":[{"href":"https:\/\/indalnautic.wownautic.com\/en\/wp-json\/wp\/v2\/pages\/2638","targetHints":{"allow":["GET"]}}],"collection":[{"href":"https:\/\/indalnautic.wownautic.com\/en\/wp-json\/wp\/v2\/pages"}],"about":[{"href":"https:\/\/indalnautic.wownautic.com\/en\/wp-json\/wp\/v2\/types\/page"}],"author":[{"embeddable":true,"href":"https:\/\/indalnautic.wownautic.com\/en\/wp-json\/wp\/v2\/users\/1"}],"replies":[{"embeddable":true,"href":"https:\/\/indalnautic.wownautic.com\/en\/wp-json\/wp\/v2\/comments?post=2638"}],"version-history":[{"count":0,"href":"https:\/\/indalnautic.wownautic.com\/en\/wp-json\/wp\/v2\/pages\/2638\/revisions"}],"wp:attachment":[{"href":"https:\/\/indalnautic.wownautic.com\/en\/wp-json\/wp\/v2\/media?parent=2638"}],"curies":[{"name":"wp","href":"https:\/\/api.w.org\/{rel}","templated":true}]}}